{"id":5,"date":"2014-11-24T15:02:51","date_gmt":"2014-11-24T20:02:51","guid":{"rendered":"http:\/\/web004.aei.ca\/~christinaswimwea?page_id=5"},"modified":"2023-05-15T16:07:26","modified_gmt":"2023-05-15T20:07:26","slug":"accueil","status":"publish","type":"page","link":"https:\/\/christina-swimwear.com\/fr\/","title":{"rendered":"Christina maillots de bain"},"content":{"rendered":"<p><img loading=\"lazy\" decoding=\"async\" class=\"aligncenter wp-image-171 size-full\" src=\"https:\/\/christina-swimwear.com\/\/wp-content\/uploads\/2014\/11\/logo_small.png\" alt=\"Christina maillots de bain\" width=\"273\" height=\"55\" srcset=\"https:\/\/christina-swimwear.com\/wp-content\/uploads\/2014\/11\/logo_small.png 273w, https:\/\/christina-swimwear.com\/wp-content\/uploads\/2014\/11\/logo_small-150x30.png 150w\" sizes=\"(max-width: 273px) 100vw, 273px\" \/><\/p>\n<h1 style=\"text-align: center;\">CHRISTINA MAILLOTS<br \/>\nCOLLECTION MAILLOTS DE BAIN<\/h1>\n<p style=\"text-align: justify;\">La marque Christina Maillots, qui a c\u00e9l\u00e9br\u00e9 son 60<sup>e<\/sup> anniversaire d\u2019existence en 2012, est aujourd\u2019hui toujours reconnue et estim\u00e9e pour ses maillots de bain pour femmes. La <strong>Collection maillots<\/strong>&nbsp;propose une tr\u00e8s grande vari\u00e9t\u00e9 de nouvelles conceptions toujours mieux adapt\u00e9es aux diff\u00e9rentes silhouettes f\u00e9minines.<\/p>\n<p style=\"text-align: justify;\">La longue tradition de qualit\u00e9 de la marque Christina Maillots se refl\u00e8te dans une pr\u00e9sentation de couleurs et d\u2019imprim\u00e9s vibrants caract\u00e9risant chacun des tissus.<\/p>\n<p>Si vous avez des commentaires ou des questions, n&rsquo;h\u00e9sitez surtout pas \u00e0 <span style=\"text-decoration: underline;\"><a href=\"https:\/\/christina-swimwear.com\/fr\/contactez-nous\/\"><strong>nous contacter<\/strong><\/a><\/span>.<\/p>\n","protected":false},"excerpt":{"rendered":"<\/p>\n<p>CHRISTINA MAILLOTS<br \/>\nCOLLECTION MAILLOTS DE BAIN<\/p>\n<p style=\"text-align: justify;\">La marque Christina Maillots, qui a c\u00e9l\u00e9br\u00e9 son 60e anniversaire d\u2019existence en 2012, est aujourd\u2019hui toujours reconnue et estim\u00e9e pour ses maillots de bain pour femmes. La <strong>Collection maillots<\/strong>&nbsp;propose une tr\u00e8s grande vari\u00e9t\u00e9 de nouvelles conceptions toujours mieux adapt\u00e9es aux diff\u00e9rentes silhouettes f\u00e9minines.<\/p>\n<p style=\"text-align: justify;\">La longue tradition de qualit\u00e9 de la marque Christina Maillots se refl\u00e8te dans une pr\u00e9sentation de couleurs et d\u2019imprim\u00e9s vibrants caract\u00e9risant chacun des tissus.<\/p>\n<p>Si vous avez des commentaires ou des questions, n&rsquo;h\u00e9sitez surtout pas \u00e0 <span style=\"text-decoration: underline;\"><a href=\"https:\/\/christina-swimwear.com\/fr\/contactez-nous\/\"><strong>nous contacter<\/strong><\/a><\/span>. <span class=\"continue-reading\"> <a href=\"https:\/\/christina-swimwear.com\/fr\/\">[&#8230;]<\/a><\/span><\/p>\n","protected":false},"author":3,"featured_media":0,"parent":0,"menu_order":0,"comment_status":"closed","ping_status":"closed","template":"page-templates\/front-page.php","meta":{"_exactmetrics_skip_tracking":false,"_exactmetrics_sitenote_active":false,"_exactmetrics_sitenote_note":"","_exactmetrics_sitenote_category":0,"footnotes":""},"_links":{"self":[{"href":"https:\/\/christina-swimwear.com\/fr\/wp-json\/wp\/v2\/pages\/5"}],"collection":[{"href":"https:\/\/christina-swimwear.com\/fr\/wp-json\/wp\/v2\/pages"}],"about":[{"href":"https:\/\/christina-swimwear.com\/fr\/wp-json\/wp\/v2\/types\/page"}],"author":[{"embeddable":true,"href":"https:\/\/christina-swimwear.com\/fr\/wp-json\/wp\/v2\/users\/3"}],"replies":[{"embeddable":true,"href":"https:\/\/christina-swimwear.com\/fr\/wp-json\/wp\/v2\/comments?post=5"}],"version-history":[{"count":8,"href":"https:\/\/christina-swimwear.com\/fr\/wp-json\/wp\/v2\/pages\/5\/revisions"}],"predecessor-version":[{"id":16383,"href":"https:\/\/christina-swimwear.com\/fr\/wp-json\/wp\/v2\/pages\/5\/revisions\/16383"}],"wp:attachment":[{"href":"https:\/\/christina-swimwear.com\/fr\/wp-json\/wp\/v2\/media?parent=5"}],"curies":[{"name":"wp","href":"https:\/\/api.w.org\/{rel}","templated":true}]}}