{"id":15810,"date":"2019-11-28T15:58:35","date_gmt":"2019-11-28T20:58:35","guid":{"rendered":"http:\/\/web004.aei.ca\/~christinaswimwea?page_id=15810"},"modified":"2019-11-29T20:17:03","modified_gmt":"2019-11-30T01:17:03","slug":"christina-maillots-de-bain-sea-stream","status":"publish","type":"page","link":"https:\/\/christina-swimwear.com\/fr\/christina-maillots-collection\/christina-maillots-de-bain-sea-stream\/","title":{"rendered":"Christina maillots de bain SEA STREAM"},"content":{"rendered":"<div class=\"omsc-one-half\">\n<p><a href=\"https:\/\/christina-swimwear.com\/\/wp-content\/uploads\/2019\/11\/Collection-Christina__Sea-Stream.jpg\"><img loading=\"lazy\" decoding=\"async\" class=\"alignnone wp-image-4246 size-full\" src=\"https:\/\/christina-swimwear.com\/\/wp-content\/uploads\/2019\/11\/Christina__Sea-Stream.jpg\" alt=\"Christina maillots de bain JARDIN SECRET\" width=\"665\" height=\"1000\"><\/a><\/p>\n<div class=\"omsc-one-half\"><div class=\"clear\"><\/div><\/div>\n<p><div class=\"clear\"><\/div><\/div><div class=\"omsc-one-half omsc-last\">\n<p><img loading=\"lazy\" decoding=\"async\" class=\"aligncenter wp-image-171 size-full\" src=\"https:\/\/christina-swimwear.com\/\/wp-content\/uploads\/2014\/11\/logo_small.png\" alt=\"Christina maillots de bain SEA STREAM\" width=\"273\" height=\"55\" srcset=\"https:\/\/christina-swimwear.com\/wp-content\/uploads\/2014\/11\/logo_small.png 273w, https:\/\/christina-swimwear.com\/wp-content\/uploads\/2014\/11\/logo_small-150x30.png 150w\" sizes=\"(max-width: 273px) 100vw, 273px\" \/><\/p>\n<h1 style=\"text-align: center;\">Christina maillots de bain<br \/>\nSEA STREAM<\/h1>\n<p><strong>Tissu uni et imprim\u00e9 :<\/strong> 72 % Nylon, 28 % Spandex<br \/>\n<strong>Drap\u00e9 :<\/strong> 85 % Nylon, 15 % Spandex<br \/>\n<strong>Couleur :<\/strong>Marine et blanc-NW1<br \/>\n<strong>Taille :<\/strong> 8-16<\/p>\n<p><code>\n<div class=\"juiz_sps_links  counters_subtotal juiz_sps_displayed_bottom\" data-post-id=\"15810\">\n<p class=\"screen-reader-text juiz_sps_maybe_hidden_text\">Partager la publication \"Christina maillots de bain SEA STREAM\"<\/p>\n\n\t<ul class=\"juiz_sps_links_list juiz_sps_hide_name\"><li class=\"juiz_sps_item juiz_sps_link_facebook\"><a href=\"https:\/\/www.facebook.com\/sharer.php?u=https%3A%2F%2Fchristina-swimwear.com%2Ffr%2Fwp-json%2Fwp%2Fv2%2Fpages%2F15810\" rel=\"nofollow\"   title=\"Partager cet article sur Facebook\" class=\"juiz_sps_button\" data-nobs-key=\"facebook\"><span class=\"juiz_sps_icon jsps-facebook\"><\/span><span class=\"juiz_sps_network_name\">Facebook<\/span><\/a><\/li><li class=\"juiz_sps_item juiz_sps_link_pinterest\"><a href=\"\" rel=\"nofollow\"   title=\"Partager une image de cette publication sur Pinterest\" class=\"juiz_sps_button\" data-nobs-key=\"pinterest\"><span class=\"juiz_sps_icon jsps-pinterest\"><\/span><span class=\"juiz_sps_network_name\">Pinterest<\/span><\/a><\/li><\/ul>\n\t<\/div>\n\n<\/p>\n<p><a href=\"\/tableaux-des-tailles\/\"><img loading=\"lazy\" decoding=\"async\" class=\"position_size_chart_img alignnone wp-image-2097 size-full\" src=\"https:\/\/christina-swimwear.com\/\/wp-content\/uploads\/2016\/02\/button_sizechart_fr.png\" width=\"234\" height=\"32\" srcset=\"https:\/\/christina-swimwear.com\/wp-content\/uploads\/2016\/02\/button_sizechart_fr.png 234w, https:\/\/christina-swimwear.com\/wp-content\/uploads\/2016\/02\/button_sizechart_fr-150x21.png 150w\" sizes=\"(max-width: 234px) 100vw, 234px\" \/><\/a><\/p>\n<p><div class=\"clear\"><\/div><\/div><div class=\"omsc-clear\"><\/div><\/p>\n<h2>SEA STREAM<\/h2>\n<div class=\"pagwrap-mclnxj\" id=\"emgsing\"><div id=\"alignstyle\" class=\"easymedia_left\"><div id=\"col-1\" class=\"thecol\"><div class=\"hoverone view da-thumbs preloaderview\" style=\"width:241px; height:362px;\"><div class=\"iehand\"><a onclick=\"easyActiveStyleSheet('Transparent');return true;\" class=\"15961\" rel=\"easymedia[gallery-15961]\" href=\"https:\/\/christina-swimwear.com\/wp-content\/uploads\/2019\/11\/Sea-Stream-30SS4060_30SS3040-NW1.jpg\" ><img decoding=\"async\" src=\"https:\/\/christina-swimwear.com\/wp-content\/plugins\/easy-media-gallery-pro\/includes\/images\/trans.png\" class=\"emglazy\" data-original=\"https:\/\/christina-swimwear.com\/\/wp-content\/uploads\/2019\/11\/Sea-Stream-30SS4060_30SS3040-NW1-241x362_c.jpg\" \/><p class=\"da-animatenh emgfittext\" style=\"display:none;\">SOUTIEN-GORGE AVEC CROIS\u00c9 AU BUSTE<\/p><div class=\"forspana\"><span class=\"zooma\"><\/span><\/div><\/a><\/div><\/div>\r\n<div id=\"easymedia_gallerycontainer-mclnxj\" style=\"display:none\">                \t<a class=\"15961-15375\" href=\"https:\/\/christina-swimwear.com\/wp-content\/uploads\/2019\/11\/Sea-Stream-30SS4060_30SS3040-NW1.jpg\" rel=\"easymedia[gallery-15961]\"><\/a>\r\n            \t\t                \t<a class=\"15961-15377\" href=\"https:\/\/christina-swimwear.com\/wp-content\/uploads\/2019\/11\/Sea-Stream-30SS4060_30SS3040-NW1-Back.jpg\" rel=\"easymedia[gallery-15961]\"><\/a>\r\n            \t\t<\/div><div class=\"hoverone view da-thumbs preloaderview\" style=\"width:241px; height:362px;\"><div class=\"iehand\"><a onclick=\"easyActiveStyleSheet('Transparent');return true;\" class=\"15973\" rel=\"easymedia[gallery-15973]\" href=\"https:\/\/christina-swimwear.com\/wp-content\/uploads\/2019\/11\/Sea-Stream-30SS1010-NW1.jpg\" ><img decoding=\"async\" src=\"https:\/\/christina-swimwear.com\/wp-content\/plugins\/easy-media-gallery-pro\/includes\/images\/trans.png\" class=\"emglazy\" data-original=\"https:\/\/christina-swimwear.com\/\/wp-content\/uploads\/2019\/11\/Sea-Stream-30SS1010-NW1-241x362_c.jpg\" \/><p class=\"da-animatenh emgfittext\" style=\"display:none;\">BANDEAU 1PC CROIS\u00c9 AU BUSTE ET \u00c9VAS\u00c9<\/p><div class=\"forspana\"><span class=\"zooma\"><\/span><\/div><\/a><\/div><\/div>\r\n<div id=\"easymedia_gallerycontainer-mclnxj\" style=\"display:none\">                \t<a class=\"15973-15367\" href=\"https:\/\/christina-swimwear.com\/wp-content\/uploads\/2019\/11\/Sea-Stream-30SS1010-NW1.jpg\" rel=\"easymedia[gallery-15973]\"><\/a>\r\n            \t\t                \t<a class=\"15973-15369\" href=\"https:\/\/christina-swimwear.com\/wp-content\/uploads\/2019\/11\/Sea-Stream-30SS1010-NW1-Back.jpg\" rel=\"easymedia[gallery-15973]\"><\/a>\r\n            \t\t<\/div><\/div><div id=\"col-2\" class=\"thecol\"><div class=\"hoverone view da-thumbs preloaderview\" style=\"width:241px; height:362px;\"><div class=\"iehand\"><a onclick=\"easyActiveStyleSheet('Transparent');return true;\" class=\"15965\" rel=\"easymedia[gallery-15965]\" href=\"https:\/\/christina-swimwear.com\/wp-content\/uploads\/2019\/11\/Sea-Stream-30SS3080-NW1_30ZZ3040-NV1.jpg\" ><img decoding=\"async\" src=\"https:\/\/christina-swimwear.com\/wp-content\/plugins\/easy-media-gallery-pro\/includes\/images\/trans.png\" class=\"emglazy\" data-original=\"https:\/\/christina-swimwear.com\/\/wp-content\/uploads\/2019\/11\/Sea-Stream-30SS3080-NW1_30ZZ3040-NV1-241x362_c.jpg\" \/><p class=\"da-animatenh emgfittext\" style=\"display:none;\">TANKINI DRAP\u00c9 PIGEONNANT<\/p><div class=\"forspana\"><span class=\"zooma\"><\/span><\/div><\/a><\/div><\/div>\r\n<div id=\"easymedia_gallerycontainer-mclnxj\" style=\"display:none\">                \t<a class=\"15965-15371\" href=\"https:\/\/christina-swimwear.com\/wp-content\/uploads\/2019\/11\/Sea-Stream-30SS3080-NW1_30ZZ3040-NV1.jpg\" rel=\"easymedia[gallery-15965]\"><\/a>\r\n            \t\t                \t<a class=\"15965-15373\" href=\"https:\/\/christina-swimwear.com\/wp-content\/uploads\/2019\/11\/Sea-Stream-30SS3080-NW1_30ZZ3040-NV1-Back.jpg\" rel=\"easymedia[gallery-15965]\"><\/a>\r\n            \t\t<\/div><div class=\"hoverone view da-thumbs preloaderview\" style=\"width:241px; height:362px;\"><div class=\"iehand\"><a onclick=\"easyActiveStyleSheet('Transparent');return true;\" class=\"15977\" rel=\"easymedia[gallery-15977]\" href=\"https:\/\/christina-swimwear.com\/wp-content\/uploads\/2019\/11\/Sea-Stream-30SS5010D-NW1-fr.jpg\" ><img decoding=\"async\" src=\"https:\/\/christina-swimwear.com\/wp-content\/plugins\/easy-media-gallery-pro\/includes\/images\/trans.png\" class=\"emglazy\" data-original=\"https:\/\/christina-swimwear.com\/\/wp-content\/uploads\/2019\/11\/Sea-Stream-30SS5010D-NW1-fr-241x362_c.jpg\" \/><p class=\"da-animatenh emgfittext\" style=\"display:none;\">MAILLOT 1 PC \u00c0 BRETELLES CROIS\u00c9ES<\/p><div class=\"forspana\"><span class=\"zooma\"><\/span><\/div><\/a><\/div><\/div>\r\n<div id=\"easymedia_gallerycontainer-mclnxj\" style=\"display:none\">                \t<a class=\"15977-15386\" href=\"https:\/\/christina-swimwear.com\/wp-content\/uploads\/2019\/11\/Sea-Stream-30SS5010D-NW1-fr.jpg\" rel=\"easymedia[gallery-15977]\"><\/a>\r\n            \t\t                \t<a class=\"15977-15384\" href=\"https:\/\/christina-swimwear.com\/wp-content\/uploads\/2019\/11\/Sea-Stream-30SS5010D-NW1-Back-fr.jpg\" rel=\"easymedia[gallery-15977]\"><\/a>\r\n            \t\t<\/div><\/div><div id=\"col-3\" class=\"thecol\"><div class=\"hoverone view da-thumbs preloaderview\" style=\"width:241px; height:362px;\"><div class=\"iehand\"><a onclick=\"easyActiveStyleSheet('Transparent');return true;\" class=\"15969\" rel=\"easymedia[gallery-15969]\" href=\"https:\/\/christina-swimwear.com\/wp-content\/uploads\/2019\/11\/Sea-Stream-30SS6080D-NW1_30ZZ3040-NV1-fr.jpg\" ><img decoding=\"async\" src=\"https:\/\/christina-swimwear.com\/wp-content\/plugins\/easy-media-gallery-pro\/includes\/images\/trans.png\" class=\"emglazy\" data-original=\"https:\/\/christina-swimwear.com\/\/wp-content\/uploads\/2019\/11\/Sea-Stream-30SS6080D-NW1_30ZZ3040-NV1-fr-241x362_c.jpg\" \/><p class=\"da-animatenh emgfittext\" style=\"display:none;\">TANKINI CAMISOLE<\/p><div class=\"forspana\"><span class=\"zooma\"><\/span><\/div><\/a><\/div><\/div>\r\n<div id=\"easymedia_gallerycontainer-mclnxj\" style=\"display:none\">                \t<a class=\"15969-15394\" href=\"https:\/\/christina-swimwear.com\/wp-content\/uploads\/2019\/11\/Sea-Stream-30SS6080D-NW1_30ZZ3040-NV1-fr.jpg\" rel=\"easymedia[gallery-15969]\"><\/a>\r\n            \t\t                \t<a class=\"15969-15392\" href=\"https:\/\/christina-swimwear.com\/wp-content\/uploads\/2019\/11\/Sea-Stream-30SS6080D-NW1_30ZZ3040-NV1-Back-fr.jpg\" rel=\"easymedia[gallery-15969]\"><\/a>\r\n            \t\t<\/div><\/div><div style=\"clear:both;\"><\/div><\/div><\/div><style type=\"text\/css\">\n.pagwrap-mclnxj .preloaderview {min-width: 120.5px;min-height: 181px;}\n<\/style>\n<script type=\"text\/javascript\">\njQuery(document).ready(function($) {var $container = $('.easycontainer-mclnxj');var $win = $(window);$container.emgisotope({itemSelector: '.easyitem',filter: '*',transformsEnabled: true,onLayout: function() {$win.trigger(\"scroll\");}});var $optionSets = $('.isofilcont-mclnxj .emgoption-set'),$optionLinks = $optionSets.find('li'); \/\/@since 1.5.0.3\n$optionLinks.click(function(){var $this = $(this);if ( $this.hasClass('selected') ) {return false;}\nvar $optionSet = $this.parents('.emgoption-set');$optionSet.find('.selected').removeClass('selected');$this.addClass('selected');var options = {},key = $optionSet.attr('data-option-key'),value = $this.attr('data-option-value');value = value === 'false' ? false : value;options[ key ] = value;if ( key === 'layoutMode') {if ( typeof changeLayoutMode === 'function' ) {changeLayoutMode( $this, options )}} else {$container.emgisotope( options );}\nreturn false;});jQuery(\".pagwrap-mclnxj .emglazy\").lazy({attribute: \"data-original\",effect: \"fadeIn\",visibleOnly: true,enableThrottle: true,throttle: 250,effectTime: 900,threshold: 100,afterLoad: function(element) {element.after(jQuery(element).readyLoad({ elementId: \"mclnxj\", isPagination: '', isLazyload: 1, imageCount: \"\" }));}});jQuery(\".pagwrap-mclnxj\").fadeIn(1000);jQuery(\"#isloaderfor-mclnxj\").hide();try {jQuery(\".easycontainer-mclnxj\").emgisotope( 'reLayout' );} catch(e) {return true;}});<\/script>\n","protected":false},"excerpt":{"rendered":"<p>  <span class=\"continue-reading\"> <a href=\"https:\/\/christina-swimwear.com\/fr\/easymedia\/1-pc-crossback\/\">[&#8230;]<\/a><\/span><\/p>\n","protected":false},"author":8,"featured_media":0,"parent":8464,"menu_order":0,"comment_status":"closed","ping_status":"closed","template":"","meta":{"_exactmetrics_skip_tracking":false,"_exactmetrics_sitenote_active":false,"_exactmetrics_sitenote_note":"","_exactmetrics_sitenote_category":0,"footnotes":""},"_links":{"self":[{"href":"https:\/\/christina-swimwear.com\/fr\/wp-json\/wp\/v2\/pages\/15810"}],"collection":[{"href":"https:\/\/christina-swimwear.com\/fr\/wp-json\/wp\/v2\/pages"}],"about":[{"href":"https:\/\/christina-swimwear.com\/fr\/wp-json\/wp\/v2\/types\/page"}],"author":[{"embeddable":true,"href":"https:\/\/christina-swimwear.com\/fr\/wp-json\/wp\/v2\/users\/8"}],"replies":[{"embeddable":true,"href":"https:\/\/christina-swimwear.com\/fr\/wp-json\/wp\/v2\/comments?post=15810"}],"version-history":[{"count":4,"href":"https:\/\/christina-swimwear.com\/fr\/wp-json\/wp\/v2\/pages\/15810\/revisions"}],"predecessor-version":[{"id":16277,"href":"https:\/\/christina-swimwear.com\/fr\/wp-json\/wp\/v2\/pages\/15810\/revisions\/16277"}],"up":[{"embeddable":true,"href":"https:\/\/christina-swimwear.com\/fr\/wp-json\/wp\/v2\/pages\/8464"}],"wp:attachment":[{"href":"https:\/\/christina-swimwear.com\/fr\/wp-json\/wp\/v2\/media?parent=15810"}],"curies":[{"name":"wp","href":"https:\/\/api.w.org\/{rel}","templated":true}]}}